{"id":2,"date":"2025-04-23T08:47:01","date_gmt":"2025-04-23T08:47:01","guid":{"rendered":"https:\/\/www.iivos.cz\/?page_id=2"},"modified":"2025-08-07T08:35:30","modified_gmt":"2025-08-07T08:35:30","slug":"uvod","status":"publish","type":"page","link":"https:\/\/www.iivos.cz\/","title":{"rendered":"\u00davod"},"content":{"rendered":"\t\t<div data-elementor-type=\"wp-page\" data-elementor-id=\"2\" class=\"elementor elementor-2\">\n\t\t\t\t<div class=\"elementor-element elementor-element-33f96c60 e-flex e-con-boxed e-con e-parent\" data-id=\"33f96c60\" data-element_type=\"container\">\n\t\t\t\t\t<div class=\"e-con-inner\">\n\t\t\t\t<div class=\"elementor-element elementor-element-f7d9fd4 elementor-widget elementor-widget-heading\" data-id=\"f7d9fd4\" data-element_type=\"widget\" data-widget_type=\"heading.default\">\n\t\t\t\t<div class=\"elementor-widget-container\">\n\t\t\t\t\t<h2 class=\"elementor-heading-title elementor-size-default\">Utlumen\u00ed \u010dinnosti \u0161koly<\/h2>\t\t\t\t<\/div>\n\t\t\t\t<\/div>\n\t\t\t\t<div class=\"elementor-element elementor-element-75e16f elementor-widget elementor-widget-text-editor\" data-id=\"75e16f\" data-element_type=\"widget\" data-widget_type=\"text-editor.default\">\n\t\t\t\t<div class=\"elementor-widget-container\">\n\t\t\t\t\t\t\t\t\t\n<p>Institut informatiky vznikl z pot\u0159eby zakladatele firmy Syntea software group a.s. vychovat si prakticky schopn\u00e9 IT odborn\u00edky, kte\u0159\u00ed by odpov\u00eddali po\u017eadavk\u016fm trhu. Provoz \u0161koly prob\u00edhal v letech 2005\u20132016 a b\u011bhem t\u00e9to doby nab\u00eddl \u0159ad\u011b student\u016f kvalitn\u00ed odborn\u00e9 vzd\u011bl\u00e1n\u00ed. \u0160kola \u00fasp\u011b\u0161n\u011b fungovala v\u00edce ne\u017e deset let, pot\u00e9 byl jej\u00ed provoz z d\u016fvodu klesaj\u00edc\u00edho z\u00e1jmu o studium utlumen. P\u0159ij\u00edmac\u00ed \u0159\u00edzen\u00ed se do odvol\u00e1n\u00ed nevyhla\u0161uje. D\u011bkujeme za pochopen\u00ed. V p\u0159\u00edpad\u011b pot\u0159eby opisu vysv\u011bd\u010den\u00ed nebo absolventsk\u00e9ho diplomu kontaktujte pros\u00edm sekretari\u00e1t.<\/p>\n\t\t\t\t\t\t\t\t<\/div>\n\t\t\t\t<\/div>\n\t\t\t\t\t<\/div>\n\t\t\t\t<\/div>\n\t\t<div class=\"elementor-element elementor-element-a58286e e-flex e-con-boxed e-con e-parent\" data-id=\"a58286e\" data-element_type=\"container\">\n\t\t\t\t\t<div class=\"e-con-inner\">\n\t\t\t\t<div class=\"elementor-element elementor-element-0cbaa2b elementor-widget elementor-widget-heading\" data-id=\"0cbaa2b\" data-element_type=\"widget\" data-widget_type=\"heading.default\">\n\t\t\t\t<div class=\"elementor-widget-container\">\n\t\t\t\t\t<h2 class=\"elementor-heading-title elementor-size-default\">Sou\u010dasn\u00e9 sm\u011brov\u00e1n\u00ed<\/h2>\t\t\t\t<\/div>\n\t\t\t\t<\/div>\n\t\t\t\t<div class=\"elementor-element elementor-element-a053dc1 elementor-widget elementor-widget-text-editor\" data-id=\"a053dc1\" data-element_type=\"widget\" data-widget_type=\"text-editor.default\">\n\t\t\t\t<div class=\"elementor-widget-container\">\n\t\t\t\t\t\t\t\t\t\n<p style=\"margin: 0cm; background: white; vertical-align: baseline;\"><span style=\"font-size: 10.5pt; font-family: 'Arial',sans-serif; color: #7a7a7a;\">Spole\u010dnost Institut informatiky s.r.o. nyn\u00ed poskytuje zejm\u00e9na konzulta\u010dn\u00ed slu\u017eby v oblasti informa\u010dn\u00edch technologi\u00ed. Zakl\u00e1d\u00e1me si na kvalit\u011b dodan\u00e9ho \u0159e\u0161en\u00ed a pracujeme v\u00fdhradn\u011b na z\u00e1klad\u011b odborn\u00e9 expert\u00edzy a d\u016fkladn\u00e9 anal\u00fdzy pot\u0159eb klienta.<\/span><\/p>\n\t\t\t\t\t\t\t\t<\/div>\n\t\t\t\t<\/div>\n\t\t\t\t\t<\/div>\n\t\t\t\t<\/div>\n\t\t\t\t<\/div>\n\t\t","protected":false},"excerpt":{"rendered":"<p>Utlumen\u00ed \u010dinnosti \u0161koly Institut informatiky vznikl z pot\u0159eby zakladatele firmy Syntea software group a.s. vychovat si prakticky schopn\u00e9 IT odborn\u00edky, [&hellip;]<\/p>\n","protected":false},"author":1,"featured_media":0,"parent":0,"menu_order":0,"comment_status":"closed","ping_status":"closed","template":"","meta":{"footnotes":""},"class_list":["post-2","page","type-page","status-publish","hentry"],"_links":{"self":[{"href":"https:\/\/www.iivos.cz\/index.php\/wp-json\/wp\/v2\/pages\/2","targetHints":{"allow":["GET"]}}],"collection":[{"href":"https:\/\/www.iivos.cz\/index.php\/wp-json\/wp\/v2\/pages"}],"about":[{"href":"https:\/\/www.iivos.cz\/index.php\/wp-json\/wp\/v2\/types\/page"}],"author":[{"embeddable":true,"href":"https:\/\/www.iivos.cz\/index.php\/wp-json\/wp\/v2\/users\/1"}],"replies":[{"embeddable":true,"href":"https:\/\/www.iivos.cz\/index.php\/wp-json\/wp\/v2\/comments?post=2"}],"version-history":[{"count":22,"href":"https:\/\/www.iivos.cz\/index.php\/wp-json\/wp\/v2\/pages\/2\/revisions"}],"predecessor-version":[{"id":63,"href":"https:\/\/www.iivos.cz\/index.php\/wp-json\/wp\/v2\/pages\/2\/revisions\/63"}],"wp:attachment":[{"href":"https:\/\/www.iivos.cz\/index.php\/wp-json\/wp\/v2\/media?parent=2"}],"curies":[{"name":"wp","href":"https:\/\/api.w.org\/{rel}","templated":true}]}}